{"id":11573,"date":"2022-06-02T12:22:00","date_gmt":"2022-06-02T10:22:00","guid":{"rendered":"https:\/\/www.descente-canoe-ardeche.com\/produit\/la-grande-descente-de-lardeche-32km\/"},"modified":"2025-05-18T15:58:15","modified_gmt":"2025-05-18T13:58:15","slug":"the-great-ardeche-descent-32km","status":"publish","type":"product","link":"https:\/\/www.descente-canoe-ardeche.com\/en\/produit\/the-great-ardeche-descent-32km\/","title":{"rendered":"The great Ard\u00e8che descent &#8211; 32km"},"content":{"rendered":"<p><img fetchpriority=\"high\" decoding=\"async\" class=\"aligncenter wp-image-698 size-full\" src=\"https:\/\/www.descente-canoe-ardeche.com\/wp-content\/uploads\/2022\/05\/navigation.png\" alt=\"\" width=\"1330\" height=\"120\" srcset=\"https:\/\/www.descente-canoe-ardeche.com\/wp-content\/uploads\/2022\/05\/navigation.png 1330w, https:\/\/www.descente-canoe-ardeche.com\/wp-content\/uploads\/2022\/05\/navigation-300x27.png 300w, https:\/\/www.descente-canoe-ardeche.com\/wp-content\/uploads\/2022\/05\/navigation-1024x92.png 1024w, https:\/\/www.descente-canoe-ardeche.com\/wp-content\/uploads\/2022\/05\/navigation-768x69.png 768w, https:\/\/www.descente-canoe-ardeche.com\/wp-content\/uploads\/2022\/05\/navigation-1320x119.png 1320w, https:\/\/www.descente-canoe-ardeche.com\/wp-content\/uploads\/2022\/05\/navigation-600x54.png 600w\" sizes=\"(max-width: 1330px) 100vw, 1330px\" \/><\/p>\n<p class=\"has-text-align-left has-nv-dark-bg-color has-text-color\"><strong>The entire 32km Ard\u00e8che descent!<\/strong><\/p>\n<p>Please note that this route is not recommended for children, due to the considerable effort required over such a distance.<\/p>\n<p class=\"has-text-align-left has-nv-dark-bg-color has-text-color\">This canoe trip is <strong>the Pont d&#8217;Arc + The Ard\u00e8che gorges nature reserve<\/strong> <img decoding=\"async\" class=\"emoji\" role=\"img\" draggable=\"false\" src=\"https:\/\/s.w.org\/images\/core\/emoji\/13.1.0\/svg\/1f6a3.svg\" alt=\"\ud83d\udea3\" \/><\/p>\n<p class=\"has-text-align-left has-nv-dark-bg-color has-text-color\">A day trip down the Ard\u00e8che in the heart of unspoilt nature with <strong>around 6h30 of paddling<\/strong> for <strong>a unique adventure!<\/strong> <img decoding=\"async\" class=\"emoji\" role=\"img\" draggable=\"false\" src=\"https:\/\/s.w.org\/images\/core\/emoji\/13.1.0\/svg\/2764.svg\" alt=\"\u2764\ufe0f\" \/><\/p>\n<p><strong><a href=\"https:\/\/www.descente-canoe-ardeche.com\/en\/32km-canoeing-down-the-ardeche-river\/\">You can see the full details of this descent here<\/a><\/strong><\/p>\n<p style=\"text-align: center;\"><img decoding=\"async\" class=\"alignnone wp-image-697 size-full\" src=\"https:\/\/www.descente-canoe-ardeche.com\/wp-content\/uploads\/2022\/05\/planification.png\" alt=\"\" width=\"1330\" height=\"120\" srcset=\"https:\/\/www.descente-canoe-ardeche.com\/wp-content\/uploads\/2022\/05\/planification.png 1330w, https:\/\/www.descente-canoe-ardeche.com\/wp-content\/uploads\/2022\/05\/planification-300x27.png 300w, https:\/\/www.descente-canoe-ardeche.com\/wp-content\/uploads\/2022\/05\/planification-1024x92.png 1024w, https:\/\/www.descente-canoe-ardeche.com\/wp-content\/uploads\/2022\/05\/planification-768x69.png 768w, https:\/\/www.descente-canoe-ardeche.com\/wp-content\/uploads\/2022\/05\/planification-1320x119.png 1320w, https:\/\/www.descente-canoe-ardeche.com\/wp-content\/uploads\/2022\/05\/planification-600x54.png 600w\" sizes=\"(max-width: 1330px) 100vw, 1330px\" \/><\/p>\n<h2 class=\"has-text-align-left has-nv-dark-bg-color has-text-color\" style=\"text-align: center;\"><span style=\"font-size: 24pt;\">Frequently asked questions :<\/span><\/h2>\n<p style=\"text-align: center;\"><b>What is the &#8220;child in 3rd place&#8221; rate?<\/b><br \/>\nThis rate is reserved for small children who will be seated in the middle of the canoe, between two other people.<br \/>\nPlease note that this is a passive place (no paddles).<br \/>\n<em>We recommend this choice for children aged 7\/8.<\/em><\/p>\n<p style=\"text-align: center;\"><strong>Can I pay with a vacation voucher?<br \/>\n<\/strong>Yes! Simply select the <em>Holiday voucher<\/em> option when booking.<\/p>\n<p style=\"text-align: center;\"><strong>Can we choose if we prefer single or double boats?<\/strong><br \/>\nYes, you can choose your boats on the day with our team.<\/p>\n<p style=\"text-align: center;\"><strong>Can I postpone my reservation if the weather is not good?<br \/>\n<\/strong>Yes ! You can postpone your reservation at any time!<\/p>\n<p style=\"text-align: center;\"><strong>Can I change my mind and choose another route?<br \/>\n<\/strong>Yes, just call us on <a href=\"tel:0475371274\">+33 6 79 75 06 69<\/a><\/p>\n<p style=\"text-align: center;\">For all other questions :<br \/>\n<a href=\"https:\/\/www.descente-canoe-ardeche.com\/en\/contact-us\/\">CONTACT US<\/a><\/p>\n","protected":false},"excerpt":{"rendered":"<p>The legendary long descent of the Ard\u00e8che &#8211; 32km &#8211; 6h30 of paddling on the day.<\/p>\n<p>The sporting challenge!<\/p>\n<p><strong>Departures possible at 8:30-9:00-9:30 a.m.<\/strong><\/p>\n<p><strong>Requirements:<br \/>\n<\/strong>&#8211; Must be at least 7 years old<br \/>\n&#8211; Know how to swim 25m<br \/>\n&#8211; Being comfortable in the water<\/p>\n<p>Warning: with children, prefer <a href=\"https:\/\/www.descente-canoe-ardeche.com\/en\/24km-les-gorges-de-lardeche-canoeing-down-the-ardeche-river\/\">the 24km course<\/a>.<\/p>\n<h2>Reservations :<\/h2>\n","protected":false},"featured_media":11056,"comment_status":"open","ping_status":"closed","template":"","meta":[],"product_brand":[],"product_cat":[49],"product_tag":[],"class_list":{"0":"post-11573","1":"product","2":"type-product","3":"status-publish","4":"has-post-thumbnail","6":"product_cat-ardeche-descent","8":"first","9":"instock","10":"virtual","11":"purchasable","12":"product-type-simple"},"yoast_head":"<!-- This site is optimized with the Yoast SEO plugin v25.8 - https:\/\/yoast.com\/wordpress\/plugins\/seo\/ -->\n<title>Book your 32km Ard\u00e8che descent - Vallon Pont d&#039;Arc<\/title>\n<meta name=\"description\" content=\"Book your 32km descent of the Ard\u00e8che online - Pont d&#039;Arc + nature reserve - 1 full day - Free, shaded parking.\" \/>\n<meta name=\"robots\" content=\"noindex, follow\" \/>\n<meta property=\"og:locale\" content=\"en_US\" \/>\n<meta property=\"og:type\" content=\"article\" \/>\n<meta property=\"og:title\" content=\"Book your 32km Ard\u00e8che descent - Vallon Pont d&#039;Arc\" \/>\n<meta property=\"og:description\" content=\"Book your 32km descent of the Ard\u00e8che online - Pont d&#039;Arc + nature reserve - 1 full day - Free, shaded parking.\" \/>\n<meta property=\"og:url\" content=\"https:\/\/www.descente-canoe-ardeche.com\/en\/produit\/the-great-ardeche-descent-32km\/\" \/>\n<meta property=\"og:site_name\" content=\"Descente Cano\u00eb Ard\u00e8che\" \/>\n<meta property=\"article:modified_time\" content=\"2025-05-18T13:58:15+00:00\" \/>\n<meta property=\"og:image\" content=\"https:\/\/www.descente-canoe-ardeche.com\/wp-content\/uploads\/2022\/05\/couple-32km-canoe-Ardeche.png\" \/>\n\t<meta property=\"og:image:width\" content=\"800\" \/>\n\t<meta property=\"og:image:height\" content=\"400\" \/>\n\t<meta property=\"og:image:type\" content=\"image\/png\" \/>\n<meta name=\"twitter:card\" content=\"summary_large_image\" \/>\n<meta name=\"twitter:label1\" content=\"Est. reading time\" \/>\n\t<meta name=\"twitter:data1\" content=\"3 minutes\" \/>\n<script type=\"application\/ld+json\" class=\"yoast-schema-graph\">{\"@context\":\"https:\/\/schema.org\",\"@graph\":[{\"@type\":\"WebPage\",\"@id\":\"https:\/\/www.descente-canoe-ardeche.com\/en\/produit\/the-great-ardeche-descent-32km\/\",\"url\":\"https:\/\/www.descente-canoe-ardeche.com\/en\/produit\/the-great-ardeche-descent-32km\/\",\"name\":\"Book your 32km Ard\u00e8che descent - Vallon Pont d'Arc\",\"isPartOf\":{\"@id\":\"https:\/\/www.descente-canoe-ardeche.com\/en\/#website\"},\"primaryImageOfPage\":{\"@id\":\"https:\/\/www.descente-canoe-ardeche.com\/en\/produit\/the-great-ardeche-descent-32km\/#primaryimage\"},\"image\":{\"@id\":\"https:\/\/www.descente-canoe-ardeche.com\/en\/produit\/the-great-ardeche-descent-32km\/#primaryimage\"},\"thumbnailUrl\":\"https:\/\/www.descente-canoe-ardeche.com\/wp-content\/uploads\/2022\/05\/couple-32km-canoe-Ardeche.png\",\"datePublished\":\"2022-06-02T10:22:00+00:00\",\"dateModified\":\"2025-05-18T13:58:15+00:00\",\"description\":\"Book your 32km descent of the Ard\u00e8che online - Pont d'Arc + nature reserve - 1 full day - Free, shaded parking.\",\"breadcrumb\":{\"@id\":\"https:\/\/www.descente-canoe-ardeche.com\/en\/produit\/the-great-ardeche-descent-32km\/#breadcrumb\"},\"inLanguage\":\"en-US\",\"potentialAction\":[{\"@type\":\"ReadAction\",\"target\":[\"https:\/\/www.descente-canoe-ardeche.com\/en\/produit\/the-great-ardeche-descent-32km\/\"]}]},{\"@type\":\"ImageObject\",\"inLanguage\":\"en-US\",\"@id\":\"https:\/\/www.descente-canoe-ardeche.com\/en\/produit\/the-great-ardeche-descent-32km\/#primaryimage\",\"url\":\"https:\/\/www.descente-canoe-ardeche.com\/wp-content\/uploads\/2022\/05\/couple-32km-canoe-Ardeche.png\",\"contentUrl\":\"https:\/\/www.descente-canoe-ardeche.com\/wp-content\/uploads\/2022\/05\/couple-32km-canoe-Ardeche.png\",\"width\":800,\"height\":400},{\"@type\":\"BreadcrumbList\",\"@id\":\"https:\/\/www.descente-canoe-ardeche.com\/en\/produit\/the-great-ardeche-descent-32km\/#breadcrumb\",\"itemListElement\":[{\"@type\":\"ListItem\",\"position\":1,\"name\":\"Accueil\",\"item\":\"https:\/\/www.descente-canoe-ardeche.com\/en\/\"},{\"@type\":\"ListItem\",\"position\":2,\"name\":\"R\u00e9servez votre balade en cano\u00eb sur l&#8217;Ard\u00e8che :\",\"item\":\"https:\/\/www.descente-canoe-ardeche.com\/boutique\/\"},{\"@type\":\"ListItem\",\"position\":3,\"name\":\"The great Ard\u00e8che descent &#8211; 32km\"}]},{\"@type\":\"WebSite\",\"@id\":\"https:\/\/www.descente-canoe-ardeche.com\/en\/#website\",\"url\":\"https:\/\/www.descente-canoe-ardeche.com\/en\/\",\"name\":\"Descente Cano\u00eb Ard\u00e8che\",\"description\":\"DLMP\u00a9\",\"publisher\":{\"@id\":\"https:\/\/www.descente-canoe-ardeche.com\/en\/#organization\"},\"potentialAction\":[{\"@type\":\"SearchAction\",\"target\":{\"@type\":\"EntryPoint\",\"urlTemplate\":\"https:\/\/www.descente-canoe-ardeche.com\/en\/?s={search_term_string}\"},\"query-input\":{\"@type\":\"PropertyValueSpecification\",\"valueRequired\":true,\"valueName\":\"search_term_string\"}}],\"inLanguage\":\"en-US\"},{\"@type\":\"Organization\",\"@id\":\"https:\/\/www.descente-canoe-ardeche.com\/en\/#organization\",\"name\":\"Descente Cano\u00eb Ard\u00e8che\",\"url\":\"https:\/\/www.descente-canoe-ardeche.com\/en\/\",\"logo\":{\"@type\":\"ImageObject\",\"inLanguage\":\"en-US\",\"@id\":\"https:\/\/www.descente-canoe-ardeche.com\/en\/#\/schema\/logo\/image\/\",\"url\":\"https:\/\/www.descente-canoe-ardeche.com\/wp-content\/uploads\/2023\/03\/cropped-Logo-150x150-1.webp\",\"contentUrl\":\"https:\/\/www.descente-canoe-ardeche.com\/wp-content\/uploads\/2023\/03\/cropped-Logo-150x150-1.webp\",\"width\":150,\"height\":150,\"caption\":\"Descente Cano\u00eb Ard\u00e8che\"},\"image\":{\"@id\":\"https:\/\/www.descente-canoe-ardeche.com\/en\/#\/schema\/logo\/image\/\"}}]}<\/script>\n<!-- \/ Yoast SEO plugin. -->","yoast_head_json":{"title":"Book your 32km Ard\u00e8che descent - Vallon Pont d'Arc","description":"Book your 32km descent of the Ard\u00e8che online - Pont d'Arc + nature reserve - 1 full day - Free, shaded parking.","robots":{"index":"noindex","follow":"follow"},"og_locale":"en_US","og_type":"article","og_title":"Book your 32km Ard\u00e8che descent - Vallon Pont d'Arc","og_description":"Book your 32km descent of the Ard\u00e8che online - Pont d'Arc + nature reserve - 1 full day - Free, shaded parking.","og_url":"https:\/\/www.descente-canoe-ardeche.com\/en\/produit\/the-great-ardeche-descent-32km\/","og_site_name":"Descente Cano\u00eb Ard\u00e8che","article_modified_time":"2025-05-18T13:58:15+00:00","og_image":[{"width":800,"height":400,"url":"https:\/\/www.descente-canoe-ardeche.com\/wp-content\/uploads\/2022\/05\/couple-32km-canoe-Ardeche.png","type":"image\/png"}],"twitter_card":"summary_large_image","twitter_misc":{"Est. reading time":"3 minutes"},"schema":{"@context":"https:\/\/schema.org","@graph":[{"@type":"WebPage","@id":"https:\/\/www.descente-canoe-ardeche.com\/en\/produit\/the-great-ardeche-descent-32km\/","url":"https:\/\/www.descente-canoe-ardeche.com\/en\/produit\/the-great-ardeche-descent-32km\/","name":"Book your 32km Ard\u00e8che descent - Vallon Pont d'Arc","isPartOf":{"@id":"https:\/\/www.descente-canoe-ardeche.com\/en\/#website"},"primaryImageOfPage":{"@id":"https:\/\/www.descente-canoe-ardeche.com\/en\/produit\/the-great-ardeche-descent-32km\/#primaryimage"},"image":{"@id":"https:\/\/www.descente-canoe-ardeche.com\/en\/produit\/the-great-ardeche-descent-32km\/#primaryimage"},"thumbnailUrl":"https:\/\/www.descente-canoe-ardeche.com\/wp-content\/uploads\/2022\/05\/couple-32km-canoe-Ardeche.png","datePublished":"2022-06-02T10:22:00+00:00","dateModified":"2025-05-18T13:58:15+00:00","description":"Book your 32km descent of the Ard\u00e8che online - Pont d'Arc + nature reserve - 1 full day - Free, shaded parking.","breadcrumb":{"@id":"https:\/\/www.descente-canoe-ardeche.com\/en\/produit\/the-great-ardeche-descent-32km\/#breadcrumb"},"inLanguage":"en-US","potentialAction":[{"@type":"ReadAction","target":["https:\/\/www.descente-canoe-ardeche.com\/en\/produit\/the-great-ardeche-descent-32km\/"]}]},{"@type":"ImageObject","inLanguage":"en-US","@id":"https:\/\/www.descente-canoe-ardeche.com\/en\/produit\/the-great-ardeche-descent-32km\/#primaryimage","url":"https:\/\/www.descente-canoe-ardeche.com\/wp-content\/uploads\/2022\/05\/couple-32km-canoe-Ardeche.png","contentUrl":"https:\/\/www.descente-canoe-ardeche.com\/wp-content\/uploads\/2022\/05\/couple-32km-canoe-Ardeche.png","width":800,"height":400},{"@type":"BreadcrumbList","@id":"https:\/\/www.descente-canoe-ardeche.com\/en\/produit\/the-great-ardeche-descent-32km\/#breadcrumb","itemListElement":[{"@type":"ListItem","position":1,"name":"Accueil","item":"https:\/\/www.descente-canoe-ardeche.com\/en\/"},{"@type":"ListItem","position":2,"name":"R\u00e9servez votre balade en cano\u00eb sur l&#8217;Ard\u00e8che :","item":"https:\/\/www.descente-canoe-ardeche.com\/boutique\/"},{"@type":"ListItem","position":3,"name":"The great Ard\u00e8che descent &#8211; 32km"}]},{"@type":"WebSite","@id":"https:\/\/www.descente-canoe-ardeche.com\/en\/#website","url":"https:\/\/www.descente-canoe-ardeche.com\/en\/","name":"Descente Cano\u00eb Ard\u00e8che","description":"DLMP\u00a9","publisher":{"@id":"https:\/\/www.descente-canoe-ardeche.com\/en\/#organization"},"potentialAction":[{"@type":"SearchAction","target":{"@type":"EntryPoint","urlTemplate":"https:\/\/www.descente-canoe-ardeche.com\/en\/?s={search_term_string}"},"query-input":{"@type":"PropertyValueSpecification","valueRequired":true,"valueName":"search_term_string"}}],"inLanguage":"en-US"},{"@type":"Organization","@id":"https:\/\/www.descente-canoe-ardeche.com\/en\/#organization","name":"Descente Cano\u00eb Ard\u00e8che","url":"https:\/\/www.descente-canoe-ardeche.com\/en\/","logo":{"@type":"ImageObject","inLanguage":"en-US","@id":"https:\/\/www.descente-canoe-ardeche.com\/en\/#\/schema\/logo\/image\/","url":"https:\/\/www.descente-canoe-ardeche.com\/wp-content\/uploads\/2023\/03\/cropped-Logo-150x150-1.webp","contentUrl":"https:\/\/www.descente-canoe-ardeche.com\/wp-content\/uploads\/2023\/03\/cropped-Logo-150x150-1.webp","width":150,"height":150,"caption":"Descente Cano\u00eb Ard\u00e8che"},"image":{"@id":"https:\/\/www.descente-canoe-ardeche.com\/en\/#\/schema\/logo\/image\/"}}]}},"jetpack_sharing_enabled":true,"_links":{"self":[{"href":"https:\/\/www.descente-canoe-ardeche.com\/en\/wp-json\/wp\/v2\/product\/11573","targetHints":{"allow":["GET"]}}],"collection":[{"href":"https:\/\/www.descente-canoe-ardeche.com\/en\/wp-json\/wp\/v2\/product"}],"about":[{"href":"https:\/\/www.descente-canoe-ardeche.com\/en\/wp-json\/wp\/v2\/types\/product"}],"replies":[{"embeddable":true,"href":"https:\/\/www.descente-canoe-ardeche.com\/en\/wp-json\/wp\/v2\/comments?post=11573"}],"wp:featuredmedia":[{"embeddable":true,"href":"https:\/\/www.descente-canoe-ardeche.com\/en\/wp-json\/wp\/v2\/media\/11056"}],"wp:attachment":[{"href":"https:\/\/www.descente-canoe-ardeche.com\/en\/wp-json\/wp\/v2\/media?parent=11573"}],"wp:term":[{"taxonomy":"product_brand","embeddable":true,"href":"https:\/\/www.descente-canoe-ardeche.com\/en\/wp-json\/wp\/v2\/product_brand?post=11573"},{"taxonomy":"product_cat","embeddable":true,"href":"https:\/\/www.descente-canoe-ardeche.com\/en\/wp-json\/wp\/v2\/product_cat?post=11573"},{"taxonomy":"product_tag","embeddable":true,"href":"https:\/\/www.descente-canoe-ardeche.com\/en\/wp-json\/wp\/v2\/product_tag?post=11573"}],"curies":[{"name":"wp","href":"https:\/\/api.w.org\/{rel}","templated":true}]}}