{"id":11558,"date":"2023-06-07T11:27:49","date_gmt":"2023-06-07T09:27:49","guid":{"rendered":"https:\/\/www.descente-canoe-ardeche.com\/webcam-and-water-level-information-ardeche-vallon-pont-darc\/"},"modified":"2023-06-07T11:27:49","modified_gmt":"2023-06-07T09:27:49","slug":"webcam-and-water-level-information-ardeche-vallon-pont-darc","status":"publish","type":"page","link":"https:\/\/www.descente-canoe-ardeche.com\/en\/webcam-and-water-level-information-ardeche-vallon-pont-darc\/","title":{"rendered":"Webcam and water level information Ard\u00e8che &#8211; vallon pont d&#8217;arc"},"content":{"rendered":"<p>[vc_row][vc_column][vc_single_image image=&#8221;4109&#8243; img_size=&#8221;full&#8221; alignment=&#8221;center&#8221;][vc_column_text]<\/p>\n<h2 style=\"text-align: center;\">Water level and navigation conditions on the Ard\u00e8che river<\/h2>\n<p>[\/vc_column_text][\/vc_column][\/vc_row][vc_row][vc_column][vc_column_text]<strong>What is the water level on the Ard\u00e8che at the moment? Is it possible to canoe down the Ard\u00e8che?<\/strong>  These are questions we&#8217;re often asked.<\/p>\n<p>As they say,<strong> a picture is worth a thousand words<\/strong>, so let&#8217;s start with a little window onto our beautiful Ard\u00e8che with the <strong>webcam installed 1km from the Pont d&#8217;Arc<\/strong>:[\/vc_column_text][\/vc_column][\/vc_row][vc_row][vc_column][vc_column_text]<\/p>\n<h2 style=\"text-align: center;\">Live webcam \ud83d\udd34<\/h2>\n<p>[\/vc_column_text][vc_column_text]<\/p>\n<p style=\"text-align: left;\">Current water level: <strong>GOOD \u2705<\/strong><\/p>\n<p>[\/vc_column_text][vc_raw_html]JTNDZGl2JTIwY2xhc3MlM0QlMjJUZXh0Q2VudGVyLXRleHQlMjB3eXNpd3lnJTIyJTNFJTBBJTNDaWZyYW1lJTIwaWQlM0QlMjJ3ZWJjYW0lMjIlMjBzcmMlM0QlMjJodHRwcyUzQSUyRiUyRmFwcC53ZWJjYW0taGQuY29tJTJGZ29yZ2VzLWFyZGVjaGUlMkZ2YWxsb24tcG9udC1kLWFyYyUyMiUyMHdpZHRoJTNEJTIyMTAwJTI1JTIyJTIwaGVpZ2h0JTNEJTIyNTAwJTIyJTIwZnJhbWVib3JkZXIlM0QlMjJubyUyMiUyMGFsbG93ZnVsbHNjcmVlbiUzRCUyMmFsbG93ZnVsbHNjcmVlbiUyMiUyMGRhdGEtcm9ja2V0LWxhenlsb2FkJTNEJTIyZml0dmlkc2NvbXBhdGlibGUlMjIlMjBkYXRhLWxhenktc3JjJTNEJTIyaHR0cHMlM0ElMkYlMkZhcHAud2ViY2FtLWhkLmNvbSUyRmdvcmdlcy1hcmRlY2hlJTJGdmFsbG9uLXBvbnQtZC1hcmMlMjIlMjBkYXRhLWxsLXN0YXR1cyUzRCUyMmxvYWRlZCUyMiUyMGNsYXNzJTNEJTIyZW50ZXJlZCUyMGxhenlsb2FkZWQlMjIlM0UlM0MlMkZpZnJhbWUlM0UlM0Nub3NjcmlwdCUzRSUzQ2lmcmFtZSUyMGlkJTNEJTIyd2ViY2FtJTIyJTIwc3JjJTNEJTIyaHR0cHMlM0ElMkYlMkZhcHAud2ViY2FtLWhkLmNvbSUyRmdvcmdlcy1hcmRlY2hlJTJGdmFsbG9uLXBvbnQtZC1hcmMlMjIlMjB3aWR0aCUzRCUyMjEwMCUyNSUyMiUyMGhlaWdodCUzRCUyMjUwMCUyMiUyMGZyYW1lYm9yZGVyJTNEJTIybm8lMjIlMjBhbGxvd2Z1bGxzY3JlZW4lM0QlMjJhbGxvd2Z1bGxzY3JlZW4lMjIlM0UlM0MlMkZpZnJhbWUlM0UlM0MlMkZub3NjcmlwdCUzRSUwQSUzQyUyRmRpdiUzRQ==[\/vc_raw_html][vc_column_text]Dear friends,<\/p>\n<p><strong>We are delighted to inform you that the water level in the Ard\u00e8che is good for canoeing this season! \ud83d\udea3\u200d\u2640\ufe0f\ud83d\udca6  <\/strong><\/p>\n<p>You may have heard rumors of a desert-dry Ard\u00e8che \ud83d\udc2a, you&#8217;re probably wondering if you&#8217;ll be able to paddle without flipping over stuck on a rock&#8230;. Well, <strong>rest assured, nature has done the work and we&#8217;ve got something for you!<\/strong><\/p>\n<p>Thanks to the numerous <strong>natural tributaries and the 4 dams<\/strong> that regulate the flow of the Ard\u00e8che, you can be sure that the<strong> current water<\/strong> level<strong> is ideal<\/strong> for discovering the magnificent gorges and surrounding landscapes, without any fear.<\/p>\n<p>If you would like to find out more, please visit the official page dedicated to river flow:<\/p>\n<p style=\"text-align: center;\"><em><strong><a href=\"https:\/\/www.rdbrmc.com\/hydroreel2\/station.php?codestation=511\">Hydroreel &#8211; Station (rdbrmc.com)<\/a><\/strong><\/em><\/p>\n<p style=\"text-align: center;\"><em>(between 5m2\/s and 20m2\/s is ideal)<\/em><\/p>\n<p>Whether it&#8217;s <strong>swimming<\/strong> or <strong>canoeing in the Ard\u00e8che<\/strong>, all the indicators are green! \ud83d\ude42<\/p>\n<p>So don&#8217;t hesitate for a second and <strong>get on board your canoe-kayak<\/strong> for an <strong>unforgettable experience in the heart of the Ard\u00e8che<\/strong>. Whether you&#8217;re a beginner or an expert paddler, the waters of the Ard\u00e8che offer you moments of absolute joy and relaxation.<\/p>\n<p><strong>See you soon on the enchanting waves of our beautiful region! \ud83c\udf0a\ud83d\ude0a<\/strong>[\/vc_column_text][\/vc_column][\/vc_row][vc_row][vc_column][vc_btn title=&#8221; <b>Book your descent of the Ard\u00e8che<\/b> &#8221; style=&#8221;gradient-custom&#8221; gradient_custom_color_1=&#8221;#07d800&#8243; gradient_custom_color_2=&#8221;#00a7c9&#8243; gradient_text_color=&#8221;#0a0a0a&#8221; align=&#8221;center&#8221; link=&#8221;url:https%3A%2F%2Fwww.descente-canoe-ardeche.com%2F|title:Descentes%20de%20l%E2%80%99Ard%C3%A8che%20en%20cano%C3%AB%20%E2%80%93%20accueil&#8221;][\/vc_column][\/vc_row]<\/p>\n","protected":false},"excerpt":{"rendered":"<p>[vc_row][vc_column][vc_single_image image=&#8221;4109&#8243; img_size=&#8221;full&#8221; alignment=&#8221;center&#8221;][vc_column_text] Water level and navigation conditions on the Ard\u00e8che river [\/vc_column_text][\/vc_column][\/vc_row][vc_row][vc_column][vc_column_text]What is the water level on the Ard\u00e8che at the moment? Is it possible to canoe down the Ard\u00e8che? These are questions we&#8217;re often asked. As they say, a picture is worth a thousand words, so let&#8217;s start with a little window [&hellip;]<\/p>\n","protected":false},"author":1,"featured_media":11690,"parent":0,"menu_order":0,"comment_status":"closed","ping_status":"closed","template":"","meta":{"footnotes":""},"class_list":["post-11558","page","type-page","status-publish","has-post-thumbnail","hentry"],"yoast_head":"<!-- This site is optimized with the Yoast SEO plugin v25.8 - https:\/\/yoast.com\/wordpress\/plugins\/seo\/ -->\n<title>Webcam and water level information Ard\u00e8che - vallon pont d&#039;arc - Descente Cano\u00eb Ard\u00e8che<\/title>\n<meta name=\"robots\" content=\"index, follow, max-snippet:-1, max-image-preview:large, max-video-preview:-1\" \/>\n<link rel=\"canonical\" href=\"https:\/\/www.descente-canoe-ardeche.com\/en\/webcam-and-water-level-information-ardeche-vallon-pont-darc\/\" \/>\n<meta property=\"og:locale\" content=\"en_US\" \/>\n<meta property=\"og:type\" content=\"article\" \/>\n<meta property=\"og:title\" content=\"Webcam and water level information Ard\u00e8che - vallon pont d&#039;arc - Descente Cano\u00eb Ard\u00e8che\" \/>\n<meta property=\"og:description\" content=\"[vc_row][vc_column][vc_single_image image=&#8221;4109&#8243; img_size=&#8221;full&#8221; alignment=&#8221;center&#8221;][vc_column_text] Water level and navigation conditions on the Ard\u00e8che river [\/vc_column_text][\/vc_column][\/vc_row][vc_row][vc_column][vc_column_text]What is the water level on the Ard\u00e8che at the moment? Is it possible to canoe down the Ard\u00e8che? These are questions we&#8217;re often asked. As they say, a picture is worth a thousand words, so let&#8217;s start with a little window [&hellip;]\" \/>\n<meta property=\"og:url\" content=\"https:\/\/www.descente-canoe-ardeche.com\/en\/webcam-and-water-level-information-ardeche-vallon-pont-darc\/\" \/>\n<meta property=\"og:site_name\" content=\"Descente Cano\u00eb Ard\u00e8che\" \/>\n<meta name=\"twitter:card\" content=\"summary_large_image\" \/>\n<meta name=\"twitter:label1\" content=\"Est. reading time\" \/>\n\t<meta name=\"twitter:data1\" content=\"2 minutes\" \/>\n<script type=\"application\/ld+json\" class=\"yoast-schema-graph\">{\"@context\":\"https:\/\/schema.org\",\"@graph\":[{\"@type\":\"WebPage\",\"@id\":\"https:\/\/www.descente-canoe-ardeche.com\/en\/webcam-and-water-level-information-ardeche-vallon-pont-darc\/\",\"url\":\"https:\/\/www.descente-canoe-ardeche.com\/en\/webcam-and-water-level-information-ardeche-vallon-pont-darc\/\",\"name\":\"Webcam and water level information Ard\u00e8che - vallon pont d'arc - Descente Cano\u00eb Ard\u00e8che\",\"isPartOf\":{\"@id\":\"https:\/\/www.descente-canoe-ardeche.com\/en\/#website\"},\"primaryImageOfPage\":{\"@id\":\"https:\/\/www.descente-canoe-ardeche.com\/en\/webcam-and-water-level-information-ardeche-vallon-pont-darc\/#primaryimage\"},\"image\":{\"@id\":\"https:\/\/www.descente-canoe-ardeche.com\/en\/webcam-and-water-level-information-ardeche-vallon-pont-darc\/#primaryimage\"},\"thumbnailUrl\":\"https:\/\/www.descente-canoe-ardeche.com\/wp-content\/uploads\/2023\/12\/Sans-titre-1.jpg\",\"datePublished\":\"2023-06-07T09:27:49+00:00\",\"breadcrumb\":{\"@id\":\"https:\/\/www.descente-canoe-ardeche.com\/en\/webcam-and-water-level-information-ardeche-vallon-pont-darc\/#breadcrumb\"},\"inLanguage\":\"en-US\",\"potentialAction\":[{\"@type\":\"ReadAction\",\"target\":[\"https:\/\/www.descente-canoe-ardeche.com\/en\/webcam-and-water-level-information-ardeche-vallon-pont-darc\/\"]}]},{\"@type\":\"ImageObject\",\"inLanguage\":\"en-US\",\"@id\":\"https:\/\/www.descente-canoe-ardeche.com\/en\/webcam-and-water-level-information-ardeche-vallon-pont-darc\/#primaryimage\",\"url\":\"https:\/\/www.descente-canoe-ardeche.com\/wp-content\/uploads\/2023\/12\/Sans-titre-1.jpg\",\"contentUrl\":\"https:\/\/www.descente-canoe-ardeche.com\/wp-content\/uploads\/2023\/12\/Sans-titre-1.jpg\",\"width\":800,\"height\":800},{\"@type\":\"BreadcrumbList\",\"@id\":\"https:\/\/www.descente-canoe-ardeche.com\/en\/webcam-and-water-level-information-ardeche-vallon-pont-darc\/#breadcrumb\",\"itemListElement\":[{\"@type\":\"ListItem\",\"position\":1,\"name\":\"Accueil\",\"item\":\"https:\/\/www.descente-canoe-ardeche.com\/en\/\"},{\"@type\":\"ListItem\",\"position\":2,\"name\":\"Webcam and water level information Ard\u00e8che &#8211; vallon pont d&#8217;arc\"}]},{\"@type\":\"WebSite\",\"@id\":\"https:\/\/www.descente-canoe-ardeche.com\/en\/#website\",\"url\":\"https:\/\/www.descente-canoe-ardeche.com\/en\/\",\"name\":\"Descente Cano\u00eb Ard\u00e8che\",\"description\":\"DLMP\u00a9\",\"publisher\":{\"@id\":\"https:\/\/www.descente-canoe-ardeche.com\/en\/#organization\"},\"potentialAction\":[{\"@type\":\"SearchAction\",\"target\":{\"@type\":\"EntryPoint\",\"urlTemplate\":\"https:\/\/www.descente-canoe-ardeche.com\/en\/?s={search_term_string}\"},\"query-input\":{\"@type\":\"PropertyValueSpecification\",\"valueRequired\":true,\"valueName\":\"search_term_string\"}}],\"inLanguage\":\"en-US\"},{\"@type\":\"Organization\",\"@id\":\"https:\/\/www.descente-canoe-ardeche.com\/en\/#organization\",\"name\":\"Descente Cano\u00eb Ard\u00e8che\",\"url\":\"https:\/\/www.descente-canoe-ardeche.com\/en\/\",\"logo\":{\"@type\":\"ImageObject\",\"inLanguage\":\"en-US\",\"@id\":\"https:\/\/www.descente-canoe-ardeche.com\/en\/#\/schema\/logo\/image\/\",\"url\":\"https:\/\/www.descente-canoe-ardeche.com\/wp-content\/uploads\/2023\/03\/cropped-Logo-150x150-1.webp\",\"contentUrl\":\"https:\/\/www.descente-canoe-ardeche.com\/wp-content\/uploads\/2023\/03\/cropped-Logo-150x150-1.webp\",\"width\":150,\"height\":150,\"caption\":\"Descente Cano\u00eb Ard\u00e8che\"},\"image\":{\"@id\":\"https:\/\/www.descente-canoe-ardeche.com\/en\/#\/schema\/logo\/image\/\"}}]}<\/script>\n<!-- \/ Yoast SEO plugin. -->","yoast_head_json":{"title":"Webcam and water level information Ard\u00e8che - vallon pont d'arc - Descente Cano\u00eb Ard\u00e8che","robots":{"index":"index","follow":"follow","max-snippet":"max-snippet:-1","max-image-preview":"max-image-preview:large","max-video-preview":"max-video-preview:-1"},"canonical":"https:\/\/www.descente-canoe-ardeche.com\/en\/webcam-and-water-level-information-ardeche-vallon-pont-darc\/","og_locale":"en_US","og_type":"article","og_title":"Webcam and water level information Ard\u00e8che - vallon pont d'arc - Descente Cano\u00eb Ard\u00e8che","og_description":"[vc_row][vc_column][vc_single_image image=&#8221;4109&#8243; img_size=&#8221;full&#8221; alignment=&#8221;center&#8221;][vc_column_text] Water level and navigation conditions on the Ard\u00e8che river [\/vc_column_text][\/vc_column][\/vc_row][vc_row][vc_column][vc_column_text]What is the water level on the Ard\u00e8che at the moment? Is it possible to canoe down the Ard\u00e8che? These are questions we&#8217;re often asked. As they say, a picture is worth a thousand words, so let&#8217;s start with a little window [&hellip;]","og_url":"https:\/\/www.descente-canoe-ardeche.com\/en\/webcam-and-water-level-information-ardeche-vallon-pont-darc\/","og_site_name":"Descente Cano\u00eb Ard\u00e8che","twitter_card":"summary_large_image","twitter_misc":{"Est. reading time":"2 minutes"},"schema":{"@context":"https:\/\/schema.org","@graph":[{"@type":"WebPage","@id":"https:\/\/www.descente-canoe-ardeche.com\/en\/webcam-and-water-level-information-ardeche-vallon-pont-darc\/","url":"https:\/\/www.descente-canoe-ardeche.com\/en\/webcam-and-water-level-information-ardeche-vallon-pont-darc\/","name":"Webcam and water level information Ard\u00e8che - vallon pont d'arc - Descente Cano\u00eb Ard\u00e8che","isPartOf":{"@id":"https:\/\/www.descente-canoe-ardeche.com\/en\/#website"},"primaryImageOfPage":{"@id":"https:\/\/www.descente-canoe-ardeche.com\/en\/webcam-and-water-level-information-ardeche-vallon-pont-darc\/#primaryimage"},"image":{"@id":"https:\/\/www.descente-canoe-ardeche.com\/en\/webcam-and-water-level-information-ardeche-vallon-pont-darc\/#primaryimage"},"thumbnailUrl":"https:\/\/www.descente-canoe-ardeche.com\/wp-content\/uploads\/2023\/12\/Sans-titre-1.jpg","datePublished":"2023-06-07T09:27:49+00:00","breadcrumb":{"@id":"https:\/\/www.descente-canoe-ardeche.com\/en\/webcam-and-water-level-information-ardeche-vallon-pont-darc\/#breadcrumb"},"inLanguage":"en-US","potentialAction":[{"@type":"ReadAction","target":["https:\/\/www.descente-canoe-ardeche.com\/en\/webcam-and-water-level-information-ardeche-vallon-pont-darc\/"]}]},{"@type":"ImageObject","inLanguage":"en-US","@id":"https:\/\/www.descente-canoe-ardeche.com\/en\/webcam-and-water-level-information-ardeche-vallon-pont-darc\/#primaryimage","url":"https:\/\/www.descente-canoe-ardeche.com\/wp-content\/uploads\/2023\/12\/Sans-titre-1.jpg","contentUrl":"https:\/\/www.descente-canoe-ardeche.com\/wp-content\/uploads\/2023\/12\/Sans-titre-1.jpg","width":800,"height":800},{"@type":"BreadcrumbList","@id":"https:\/\/www.descente-canoe-ardeche.com\/en\/webcam-and-water-level-information-ardeche-vallon-pont-darc\/#breadcrumb","itemListElement":[{"@type":"ListItem","position":1,"name":"Accueil","item":"https:\/\/www.descente-canoe-ardeche.com\/en\/"},{"@type":"ListItem","position":2,"name":"Webcam and water level information Ard\u00e8che &#8211; vallon pont d&#8217;arc"}]},{"@type":"WebSite","@id":"https:\/\/www.descente-canoe-ardeche.com\/en\/#website","url":"https:\/\/www.descente-canoe-ardeche.com\/en\/","name":"Descente Cano\u00eb Ard\u00e8che","description":"DLMP\u00a9","publisher":{"@id":"https:\/\/www.descente-canoe-ardeche.com\/en\/#organization"},"potentialAction":[{"@type":"SearchAction","target":{"@type":"EntryPoint","urlTemplate":"https:\/\/www.descente-canoe-ardeche.com\/en\/?s={search_term_string}"},"query-input":{"@type":"PropertyValueSpecification","valueRequired":true,"valueName":"search_term_string"}}],"inLanguage":"en-US"},{"@type":"Organization","@id":"https:\/\/www.descente-canoe-ardeche.com\/en\/#organization","name":"Descente Cano\u00eb Ard\u00e8che","url":"https:\/\/www.descente-canoe-ardeche.com\/en\/","logo":{"@type":"ImageObject","inLanguage":"en-US","@id":"https:\/\/www.descente-canoe-ardeche.com\/en\/#\/schema\/logo\/image\/","url":"https:\/\/www.descente-canoe-ardeche.com\/wp-content\/uploads\/2023\/03\/cropped-Logo-150x150-1.webp","contentUrl":"https:\/\/www.descente-canoe-ardeche.com\/wp-content\/uploads\/2023\/03\/cropped-Logo-150x150-1.webp","width":150,"height":150,"caption":"Descente Cano\u00eb Ard\u00e8che"},"image":{"@id":"https:\/\/www.descente-canoe-ardeche.com\/en\/#\/schema\/logo\/image\/"}}]}},"jetpack_sharing_enabled":true,"_links":{"self":[{"href":"https:\/\/www.descente-canoe-ardeche.com\/en\/wp-json\/wp\/v2\/pages\/11558","targetHints":{"allow":["GET"]}}],"collection":[{"href":"https:\/\/www.descente-canoe-ardeche.com\/en\/wp-json\/wp\/v2\/pages"}],"about":[{"href":"https:\/\/www.descente-canoe-ardeche.com\/en\/wp-json\/wp\/v2\/types\/page"}],"author":[{"embeddable":true,"href":"https:\/\/www.descente-canoe-ardeche.com\/en\/wp-json\/wp\/v2\/users\/1"}],"replies":[{"embeddable":true,"href":"https:\/\/www.descente-canoe-ardeche.com\/en\/wp-json\/wp\/v2\/comments?post=11558"}],"version-history":[{"count":0,"href":"https:\/\/www.descente-canoe-ardeche.com\/en\/wp-json\/wp\/v2\/pages\/11558\/revisions"}],"wp:featuredmedia":[{"embeddable":true,"href":"https:\/\/www.descente-canoe-ardeche.com\/en\/wp-json\/wp\/v2\/media\/11690"}],"wp:attachment":[{"href":"https:\/\/www.descente-canoe-ardeche.com\/en\/wp-json\/wp\/v2\/media?parent=11558"}],"curies":[{"name":"wp","href":"https:\/\/api.w.org\/{rel}","templated":true}]}}