{"id":11553,"date":"2022-12-20T12:32:26","date_gmt":"2022-12-20T11:32:26","guid":{"rendered":"https:\/\/www.descente-canoe-ardeche.com\/our-tips-for-your-vacation-in-the-ardeche\/"},"modified":"2022-12-20T12:32:26","modified_gmt":"2022-12-20T11:32:26","slug":"our-tips-for-your-vacation-in-the-ardeche","status":"publish","type":"page","link":"https:\/\/www.descente-canoe-ardeche.com\/en\/our-tips-for-your-vacation-in-the-ardeche\/","title":{"rendered":"Our tips for your vacation in the Ard\u00e8che!"},"content":{"rendered":"<p>[vc_row][vc_column][vc_single_image image=&#8221;2680&#8243; img_size=&#8221;full&#8221; alignment=&#8221;center&#8221; onclick=&#8221;link_image&#8221;][vc_column_text]<\/p>\n<h1 style=\"text-align: center;\">Our tips for your vacation in the Ard\u00e8che!<\/h1>\n<p>[\/vc_column_text][\/vc_column][\/vc_row][vc_row][vc_column][vc_column_text]<\/p>\n<p style=\"text-align: center;\">Discover below our <strong>tips, recommendations and little secrets<\/strong> for preparing your vacation in our magnificent region, <strong>the Ard\u00e8che<\/strong>!<\/p>\n<p style=\"text-align: center;\"><a href=\"https:\/\/www.descente-canoe-ardeche.com\/\">Canoeing<\/a>, hiking, mountain biking and much more, we know our territory like the back of our hand and want you to enjoy all its facets \ud83c\udfde\ufe0f<\/p>\n<p>[\/vc_column_text][vc_separator color=&#8221;green&#8221; border_width=&#8221;3&#8243; el_width=&#8221;30&#8243;][\/vc_column][\/vc_row][vc_row css=&#8221;.vc_custom_1671618846118{background-color: #ededed !important;}&#8221;][vc_column width=&#8221;1\/3&#8243;][vc_single_image image=&#8221;2683&#8243; img_size=&#8221;300&#215;300&#8243; alignment=&#8221;center&#8221; style=&#8221;vc_box_shadow&#8221; onclick=&#8221;custom_link&#8221; css_animation=&#8221;bounceIn&#8221; link=&#8221;https:\/\/www.descente-canoe-ardeche.com\/bien-preparer-sa-descente-de-lardeche-en-canoe\/&#8221;][vc_column_text]<\/p>\n<h2 style=\"text-align: center;\"><a href=\"https:\/\/www.descente-canoe-ardeche.com\/bien-preparer-sa-descente-de-lardeche-en-canoe\/\">How to prepare for canoeing down the Ard\u00e8che<\/a><\/h2>\n<p>[\/vc_column_text][vc_column_text]<\/p>\n<p style=\"text-align: center;\">Our <strong>tips<\/strong> and tricks for preparing your <strong>descent<\/strong> and making the most <strong>of<\/strong> your <strong>canoe trip on the Ard\u00e8che<\/strong>!<\/p>\n<p style=\"text-align: center;\">Water level, weather, itinerary, preparation, <strong>you&#8217;ll know it all<\/strong>! \u263a\ufe0f<\/p>\n<p>[\/vc_column_text][vc_btn title=&#8221;View article&#8221; style=&#8221;custom&#8221; custom_background=&#8221;#17988e&#8221; custom_text=&#8221;#ffffff&#8221; align=&#8221;center&#8221; i_icon_fontawesome=&#8221;far fa-hand-pointer&#8221; button_block=&#8221;true&#8221; add_icon=&#8221;true&#8221; link=&#8221;url:https%3A%2F%2Fwww.descente-canoe-ardeche.com%2Fbien-preparer-sa-descente-de-lardeche-en-canoe%2F|title:Bien%20pr%C3%A9parer%20sa%20descente%20de%20l%E2%80%99Ard%C3%A8che%20en%20cano%C3%AB&#8221;][vc_column_text]<\/p>\n<p style=\"text-align: center;\">&#8211;<\/p>\n<p>[\/vc_column_text][\/vc_column][vc_column width=&#8221;1\/3&#8243;][vc_single_image image=&#8221;2712&#8243; img_size=&#8221;300&#215;300&#8243; alignment=&#8221;center&#8221; style=&#8221;vc_box_shadow&#8221; onclick=&#8221;custom_link&#8221; css_animation=&#8221;bounceIn&#8221; link=&#8221;https:\/\/www.descente-canoe-ardeche.com\/2022\/12\/20\/visiter-la-reserve-naturelle-des-gorges-de-lardeche\/&#8221;][vc_column_text]<\/p>\n<h2 style=\"text-align: center;\"><a href=\"https:\/\/www.descente-canoe-ardeche.com\/2022\/12\/20\/visiter-la-reserve-naturelle-des-gorges-de-lardeche\/\">How to visit the Gorges de l&#8217;Ard\u00e8che nature reserve?<\/a><\/h2>\n<p>[\/vc_column_text][vc_column_text]<\/p>\n<p style=\"text-align: center;\">The Gorges de l&#8217;Ard\u00e8che nature reserve is one of the most beautiful in Europe, and you have the chance to visit it.<\/p>\n<p><strong>Follow our tips for entering this magnificent protected environment.  <\/strong><\/p>\n<p>[\/vc_column_text][vc_btn title=&#8221;View article&#8221; style=&#8221;custom&#8221; custom_background=&#8221;#0a998d&#8221; custom_text=&#8221;#ffffff&#8221; align=&#8221;center&#8221; i_icon_fontawesome=&#8221;far fa-hand-pointer&#8221; button_block=&#8221;true&#8221; add_icon=&#8221;true&#8221; link=&#8221;url:https%3A%2F%2Fwww.descente-canoe-ardeche.com%2F2022%2F12%2F20%2Fvisiter-la-reserve-naturelle-des-gorges-de-lardeche%2F|title:Bien%20pr%C3%A9parer%20sa%20descente%20de%20l%E2%80%99Ard%C3%A8che%20en%20cano%C3%AB&#8221;][vc_column_text]<\/p>\n<p style=\"text-align: center;\">&#8211;<\/p>\n<p>[\/vc_column_text][\/vc_column][vc_column width=&#8221;1\/3&#8243;][vc_single_image image=&#8221;2736&#8243; img_size=&#8221;300&#215;300&#8243; alignment=&#8221;center&#8221; style=&#8221;vc_box_shadow&#8221; onclick=&#8221;custom_link&#8221; css_animation=&#8221;bounceIn&#8221; link=&#8221;https:\/\/www.descente-canoe-ardeche.com\/2022\/12\/21\/randonnees-vallon-pont-d-arc-ardeche\/&#8221;][vc_column_text]<\/p>\n<h2 style=\"text-align: center;\"><a href=\"https:\/\/www.descente-canoe-ardeche.com\/2022\/12\/21\/randonnees-vallon-pont-d-arc-ardeche\/\">5 not-to-be-missed walks around Vallon Pont d&#8217;Arc<\/a><\/h2>\n<p>[\/vc_column_text][vc_column_text]<\/p>\n<p style=\"text-align: center;\">The Ard\u00e8che offers an exceptional, protected setting for discovering magnificent walking and hiking trails!<\/p>\n<p style=\"text-align: center;\"><strong>Discover our top 5 walks around Vallon Pont d&#8217;Arc!<\/strong><\/p>\n<p>[\/vc_column_text][vc_btn title=&#8221;View article&#8221; style=&#8221;custom&#8221; custom_background=&#8221;#0a998d&#8221; custom_text=&#8221;#ffffff&#8221; align=&#8221;center&#8221; i_icon_fontawesome=&#8221;far fa-hand-pointer&#8221; button_block=&#8221;true&#8221; add_icon=&#8221;true&#8221; link=&#8221;url:https%3A%2F%2Fwww.descente-canoe-ardeche.com%2F2022%2F12%2F21%2Frandonnees-vallon-pont-d-arc-ardeche%2F|title:Top%205%20des%20balades%20autour%20de%20Vallon%20Pont%20d&#8217;Arc&#8221;][vc_column_text]<\/p>\n<p style=\"text-align: center;\">&#8211;<\/p>\n<p>[\/vc_column_text][\/vc_column][\/vc_row][vc_row css=&#8221;.vc_custom_1671618846118{background-color: #ededed !important;}&#8221;][vc_column width=&#8221;1\/3&#8243;][vc_single_image image=&#8221;2768&#8243; img_size=&#8221;300&#215;300&#8243; alignment=&#8221;center&#8221; style=&#8221;vc_box_shadow&#8221; onclick=&#8221;custom_link&#8221; css_animation=&#8221;bounceIn&#8221; link=&#8221;https:\/\/www.descente-canoe-ardeche.com\/2023\/01\/10\/marches-et-marches-nocturnes-autour-de-vallon-pont-darc\/&#8221;][vc_column_text]<\/p>\n<h2 style=\"text-align: center;\"><a href=\"https:\/\/www.descente-canoe-ardeche.com\/2023\/01\/10\/marches-et-marches-nocturnes-autour-de-vallon-pont-darc\/\">Dates and times for Ard\u00e8che markets and night markets<\/a><\/h2>\n<p>[\/vc_column_text][vc_column_text]<\/p>\n<p style=\"text-align: center;\">While you&#8217;re in the Ard\u00e8che, treat yourself and explore &#8211; by day and by night &#8211; the <strong>many markets<\/strong> in the region around <strong>Vallon &#8211; Pont &#8211; d&#8217;Arc<\/strong>.<\/p>\n<p>[\/vc_column_text][vc_btn title=&#8221;View article&#8221; style=&#8221;custom&#8221; custom_background=&#8221;#17988e&#8221; custom_text=&#8221;#ffffff&#8221; align=&#8221;center&#8221; i_icon_fontawesome=&#8221;far fa-hand-pointer&#8221; button_block=&#8221;true&#8221; add_icon=&#8221;true&#8221; link=&#8221;url:https%3A%2F%2Fwww.descente-canoe-ardeche.com%2F2023%2F01%2F10%2Fmarches-et-marches-nocturnes-autour-de-vallon-pont-darc%2F|title:March%C3%A9s%20et%20March%C3%A9s%20nocturnes%20autour%20de%20Vallon%20Pont%20d%E2%80%99Arc&#8221;][vc_column_text]<\/p>\n<p style=\"text-align: center;\">&#8211;<\/p>\n<p>[\/vc_column_text][\/vc_column][vc_column width=&#8221;1\/3&#8243;][vc_single_image image=&#8221;2880&#8243; img_size=&#8221;300&#215;300&#8243; alignment=&#8221;center&#8221; style=&#8221;vc_box_shadow&#8221; onclick=&#8221;custom_link&#8221; css_animation=&#8221;bounceIn&#8221; link=&#8221;https:\/\/www.descente-canoe-ardeche.com\/2023\/01\/30\/decouvrir-le-canoe-en-ardeche-en-couple\/&#8221;][vc_column_text]<\/p>\n<h2 style=\"text-align: center;\"><a href=\"https:\/\/www.descente-canoe-ardeche.com\/2023\/01\/30\/decouvrir-le-canoe-en-ardeche-en-couple\/\">Discover the Ard\u00e8che by canoe as a couple, our tips<\/a><\/h2>\n<p>[\/vc_column_text][vc_column_text]<\/p>\n<p style=\"text-align: center;\">Unforgettable memories for two, <strong>fun<\/strong>, adrenaline and <strong>beach paradise<\/strong>. What are you waiting for? A <strong>canoeing<\/strong> getaway for two <strong>in the Ard\u00e8che<\/strong>!<\/p>\n<p>[\/vc_column_text][vc_btn title=&#8221;View article&#8221; style=&#8221;custom&#8221; custom_background=&#8221;#17988e&#8221; custom_text=&#8221;#ffffff&#8221; align=&#8221;center&#8221; i_icon_fontawesome=&#8221;far fa-hand-pointer&#8221; button_block=&#8221;true&#8221; add_icon=&#8221;true&#8221; link=&#8221;url:https%3A%2F%2Fwww.descente-canoe-ardeche.com%2F2023%2F01%2F30%2Fdecouvrir-le-canoe-en-ardeche-en-couple%2F|title:March%C3%A9s%20et%20March%C3%A9s%20nocturnes%20autour%20de%20Vallon%20Pont%20d%E2%80%99Arc&#8221;][vc_column_text]<\/p>\n<p style=\"text-align: center;\">&#8211;<\/p>\n<p>[\/vc_column_text][\/vc_column][vc_column width=&#8221;1\/3&#8243;][vc_single_image image=&#8221;2896&#8243; img_size=&#8221;300&#215;300&#8243; alignment=&#8221;center&#8221; style=&#8221;vc_box_shadow&#8221; onclick=&#8221;custom_link&#8221; css_animation=&#8221;bounceIn&#8221; link=&#8221;https:\/\/www.descente-canoe-ardeche.com\/2023\/02\/13\/tourisme-vert-pourquoi-la-region-ardeche-est-un-indispensable\/&#8221;][vc_column_text]<\/p>\n<h2 style=\"text-align: center;\"><a href=\"https:\/\/www.descente-canoe-ardeche.com\/2023\/02\/13\/tourisme-vert-pourquoi-la-region-ardeche-est-un-indispensable\/\">Green tourism, our tips for responsible travel.  <\/a><\/h2>\n<p>[\/vc_column_text][vc_column_text]<\/p>\n<p style=\"text-align: center;\"><strong>Low-impact<\/strong> activities such as canoeing and kayaking, <strong>recycling<\/strong>, <strong>short and local circuits<\/strong>, discover our <strong>tips<\/strong>\ud83d\ude42<\/p>\n<p>[\/vc_column_text][vc_btn title=&#8221;View article&#8221; style=&#8221;custom&#8221; custom_background=&#8221;#17988e&#8221; custom_text=&#8221;#ffffff&#8221; align=&#8221;center&#8221; i_icon_fontawesome=&#8221;far fa-hand-pointer&#8221; button_block=&#8221;true&#8221; add_icon=&#8221;true&#8221; link=&#8221;url:https%3A%2F%2Fwww.descente-canoe-ardeche.com%2F2023%2F02%2F13%2Ftourisme-vert-pourquoi-la-region-ardeche-est-un-indispensable%2F|title:Tourisme%20vert%2C%20pourquoi%20la%20r%C3%A9gion%20Ard%C3%A8che%20est%20un%20indispensable%20%3F&#8221;][vc_column_text]<\/p>\n<p style=\"text-align: center;\">&#8211;<\/p>\n<p>[\/vc_column_text][\/vc_column][\/vc_row][vc_row css=&#8221;.vc_custom_1671618846118{background-color: #ededed !important;}&#8221;][vc_column width=&#8221;1\/3&#8243;][vc_single_image image=&#8221;4068&#8243; img_size=&#8221;300&#215;300&#8243; alignment=&#8221;center&#8221; style=&#8221;vc_box_shadow&#8221; onclick=&#8221;custom_link&#8221; css_animation=&#8221;bounceIn&#8221; link=&#8221;https:\/\/www.descente-canoe-ardeche.com\/2023\/01\/10\/marches-et-marches-nocturnes-autour-de-vallon-pont-darc\/&#8221;][vc_column_text]<\/p>\n<h2 style=\"text-align: center;\"><a href=\"https:\/\/www.descente-canoe-ardeche.com\/2023\/06\/03\/canoe-malin-reservez-votre-descente-de-lardeche-en-evitant-la-foule\/\">Cano\u00eb malin : Discover the &#8220;bison fut\u00e9&#8221; for canoeing down the Ard\u00e8che!<\/a><\/h2>\n<p>[\/vc_column_text][vc_column_text]<\/p>\n<p style=\"text-align: center;\">While you&#8217;re in the Ard\u00e8che, treat yourself and explore &#8211; by day and by night &#8211; the <strong>many markets<\/strong> in the region around <strong>Vallon &#8211; Pont &#8211; d&#8217;Arc<\/strong>.<\/p>\n<p>[\/vc_column_text][vc_btn title=&#8221;View article&#8221; style=&#8221;custom&#8221; custom_background=&#8221;#17988e&#8221; custom_text=&#8221;#ffffff&#8221; align=&#8221;center&#8221; i_icon_fontawesome=&#8221;far fa-hand-pointer&#8221; button_block=&#8221;true&#8221; add_icon=&#8221;true&#8221; link=&#8221;url:https%3A%2F%2Fwww.descente-canoe-ardeche.com%2F2023%2F06%2F03%2Fcanoe-malin-reservez-votre-descente-de-lardeche-en-evitant-la-foule%2F|title:Cano%C3%AB%20Malin&#8221;][vc_column_text]<\/p>\n<p style=\"text-align: center;\">&#8211;<\/p>\n<p>[\/vc_column_text][\/vc_column][vc_column width=&#8221;1\/3&#8243;][vc_column_text]<\/p>\n<p style=\"text-align: center;\">&#8211;<\/p>\n<p>[\/vc_column_text][\/vc_column][vc_column width=&#8221;1\/3&#8243;][vc_column_text]<\/p>\n<p style=\"text-align: center;\">&#8211;<\/p>\n<p>[\/vc_column_text][\/vc_column][\/vc_row][vc_row][vc_column][\/vc_column][\/vc_row]<\/p>\n","protected":false},"excerpt":{"rendered":"<p>[vc_row][vc_column][vc_single_image image=&#8221;2680&#8243; img_size=&#8221;full&#8221; alignment=&#8221;center&#8221; onclick=&#8221;link_image&#8221;][vc_column_text] Our tips for your vacation in the Ard\u00e8che! [\/vc_column_text][\/vc_column][\/vc_row][vc_row][vc_column][vc_column_text] Discover below our tips, recommendations and little secrets for preparing your vacation in our magnificent region, the Ard\u00e8che! Canoeing, hiking, mountain biking and much more, we know our territory like the back of our hand and want you to enjoy all [&hellip;]<\/p>\n","protected":false},"author":1,"featured_media":11365,"parent":0,"menu_order":0,"comment_status":"closed","ping_status":"closed","template":"","meta":{"footnotes":""},"class_list":["post-11553","page","type-page","status-publish","has-post-thumbnail","hentry"],"yoast_head":"<!-- This site is optimized with the Yoast SEO plugin v25.8 - https:\/\/yoast.com\/wordpress\/plugins\/seo\/ -->\n<title>Essential tips for a successful vacation in the Ard\u00e8che<\/title>\n<meta name=\"description\" content=\"Canoeing, hiking, mountain biking and much more, the Ard\u00e8che can provide you with an exceptional vacation! Discover our tips!\" \/>\n<meta name=\"robots\" content=\"index, follow, max-snippet:-1, max-image-preview:large, max-video-preview:-1\" \/>\n<link rel=\"canonical\" href=\"https:\/\/www.descente-canoe-ardeche.com\/en\/our-tips-for-your-vacation-in-the-ardeche\/\" \/>\n<meta property=\"og:locale\" content=\"en_US\" \/>\n<meta property=\"og:type\" content=\"article\" \/>\n<meta property=\"og:title\" content=\"Essential tips for a successful vacation in the Ard\u00e8che\" \/>\n<meta property=\"og:description\" content=\"Canoeing, hiking, mountain biking and much more, the Ard\u00e8che can provide you with an exceptional vacation! Discover our tips!\" \/>\n<meta property=\"og:url\" content=\"https:\/\/www.descente-canoe-ardeche.com\/en\/our-tips-for-your-vacation-in-the-ardeche\/\" \/>\n<meta property=\"og:site_name\" content=\"Descente Cano\u00eb Ard\u00e8che\" \/>\n<meta property=\"og:image\" content=\"https:\/\/www.descente-canoe-ardeche.com\/wp-content\/uploads\/2023\/06\/canoe-malin-miniature.jpg\" \/>\n\t<meta property=\"og:image:width\" content=\"380\" \/>\n\t<meta property=\"og:image:height\" content=\"380\" \/>\n\t<meta property=\"og:image:type\" content=\"image\/jpeg\" \/>\n<meta name=\"twitter:card\" content=\"summary_large_image\" \/>\n<meta name=\"twitter:label1\" content=\"Est. reading time\" \/>\n\t<meta name=\"twitter:data1\" content=\"6 minutes\" \/>\n<script type=\"application\/ld+json\" class=\"yoast-schema-graph\">{\"@context\":\"https:\/\/schema.org\",\"@graph\":[{\"@type\":\"WebPage\",\"@id\":\"https:\/\/www.descente-canoe-ardeche.com\/en\/our-tips-for-your-vacation-in-the-ardeche\/\",\"url\":\"https:\/\/www.descente-canoe-ardeche.com\/en\/our-tips-for-your-vacation-in-the-ardeche\/\",\"name\":\"Essential tips for a successful vacation in the Ard\u00e8che\",\"isPartOf\":{\"@id\":\"https:\/\/www.descente-canoe-ardeche.com\/en\/#website\"},\"primaryImageOfPage\":{\"@id\":\"https:\/\/www.descente-canoe-ardeche.com\/en\/our-tips-for-your-vacation-in-the-ardeche\/#primaryimage\"},\"image\":{\"@id\":\"https:\/\/www.descente-canoe-ardeche.com\/en\/our-tips-for-your-vacation-in-the-ardeche\/#primaryimage\"},\"thumbnailUrl\":\"https:\/\/www.descente-canoe-ardeche.com\/wp-content\/uploads\/2023\/06\/canoe-malin-miniature.jpg\",\"datePublished\":\"2022-12-20T11:32:26+00:00\",\"description\":\"Canoeing, hiking, mountain biking and much more, the Ard\u00e8che can provide you with an exceptional vacation! Discover our tips!\",\"breadcrumb\":{\"@id\":\"https:\/\/www.descente-canoe-ardeche.com\/en\/our-tips-for-your-vacation-in-the-ardeche\/#breadcrumb\"},\"inLanguage\":\"en-US\",\"potentialAction\":[{\"@type\":\"ReadAction\",\"target\":[\"https:\/\/www.descente-canoe-ardeche.com\/en\/our-tips-for-your-vacation-in-the-ardeche\/\"]}]},{\"@type\":\"ImageObject\",\"inLanguage\":\"en-US\",\"@id\":\"https:\/\/www.descente-canoe-ardeche.com\/en\/our-tips-for-your-vacation-in-the-ardeche\/#primaryimage\",\"url\":\"https:\/\/www.descente-canoe-ardeche.com\/wp-content\/uploads\/2023\/06\/canoe-malin-miniature.jpg\",\"contentUrl\":\"https:\/\/www.descente-canoe-ardeche.com\/wp-content\/uploads\/2023\/06\/canoe-malin-miniature.jpg\",\"width\":380,\"height\":380},{\"@type\":\"BreadcrumbList\",\"@id\":\"https:\/\/www.descente-canoe-ardeche.com\/en\/our-tips-for-your-vacation-in-the-ardeche\/#breadcrumb\",\"itemListElement\":[{\"@type\":\"ListItem\",\"position\":1,\"name\":\"Accueil\",\"item\":\"https:\/\/www.descente-canoe-ardeche.com\/en\/\"},{\"@type\":\"ListItem\",\"position\":2,\"name\":\"Our tips for your vacation in the Ard\u00e8che!\"}]},{\"@type\":\"WebSite\",\"@id\":\"https:\/\/www.descente-canoe-ardeche.com\/en\/#website\",\"url\":\"https:\/\/www.descente-canoe-ardeche.com\/en\/\",\"name\":\"Descente Cano\u00eb Ard\u00e8che\",\"description\":\"DLMP\u00a9\",\"publisher\":{\"@id\":\"https:\/\/www.descente-canoe-ardeche.com\/en\/#organization\"},\"potentialAction\":[{\"@type\":\"SearchAction\",\"target\":{\"@type\":\"EntryPoint\",\"urlTemplate\":\"https:\/\/www.descente-canoe-ardeche.com\/en\/?s={search_term_string}\"},\"query-input\":{\"@type\":\"PropertyValueSpecification\",\"valueRequired\":true,\"valueName\":\"search_term_string\"}}],\"inLanguage\":\"en-US\"},{\"@type\":\"Organization\",\"@id\":\"https:\/\/www.descente-canoe-ardeche.com\/en\/#organization\",\"name\":\"Descente Cano\u00eb Ard\u00e8che\",\"url\":\"https:\/\/www.descente-canoe-ardeche.com\/en\/\",\"logo\":{\"@type\":\"ImageObject\",\"inLanguage\":\"en-US\",\"@id\":\"https:\/\/www.descente-canoe-ardeche.com\/en\/#\/schema\/logo\/image\/\",\"url\":\"https:\/\/www.descente-canoe-ardeche.com\/wp-content\/uploads\/2023\/03\/cropped-Logo-150x150-1.webp\",\"contentUrl\":\"https:\/\/www.descente-canoe-ardeche.com\/wp-content\/uploads\/2023\/03\/cropped-Logo-150x150-1.webp\",\"width\":150,\"height\":150,\"caption\":\"Descente Cano\u00eb Ard\u00e8che\"},\"image\":{\"@id\":\"https:\/\/www.descente-canoe-ardeche.com\/en\/#\/schema\/logo\/image\/\"}}]}<\/script>\n<!-- \/ Yoast SEO plugin. -->","yoast_head_json":{"title":"Essential tips for a successful vacation in the Ard\u00e8che","description":"Canoeing, hiking, mountain biking and much more, the Ard\u00e8che can provide you with an exceptional vacation! Discover our tips!","robots":{"index":"index","follow":"follow","max-snippet":"max-snippet:-1","max-image-preview":"max-image-preview:large","max-video-preview":"max-video-preview:-1"},"canonical":"https:\/\/www.descente-canoe-ardeche.com\/en\/our-tips-for-your-vacation-in-the-ardeche\/","og_locale":"en_US","og_type":"article","og_title":"Essential tips for a successful vacation in the Ard\u00e8che","og_description":"Canoeing, hiking, mountain biking and much more, the Ard\u00e8che can provide you with an exceptional vacation! Discover our tips!","og_url":"https:\/\/www.descente-canoe-ardeche.com\/en\/our-tips-for-your-vacation-in-the-ardeche\/","og_site_name":"Descente Cano\u00eb Ard\u00e8che","og_image":[{"width":380,"height":380,"url":"https:\/\/www.descente-canoe-ardeche.com\/wp-content\/uploads\/2023\/06\/canoe-malin-miniature.jpg","type":"image\/jpeg"}],"twitter_card":"summary_large_image","twitter_misc":{"Est. reading time":"6 minutes"},"schema":{"@context":"https:\/\/schema.org","@graph":[{"@type":"WebPage","@id":"https:\/\/www.descente-canoe-ardeche.com\/en\/our-tips-for-your-vacation-in-the-ardeche\/","url":"https:\/\/www.descente-canoe-ardeche.com\/en\/our-tips-for-your-vacation-in-the-ardeche\/","name":"Essential tips for a successful vacation in the Ard\u00e8che","isPartOf":{"@id":"https:\/\/www.descente-canoe-ardeche.com\/en\/#website"},"primaryImageOfPage":{"@id":"https:\/\/www.descente-canoe-ardeche.com\/en\/our-tips-for-your-vacation-in-the-ardeche\/#primaryimage"},"image":{"@id":"https:\/\/www.descente-canoe-ardeche.com\/en\/our-tips-for-your-vacation-in-the-ardeche\/#primaryimage"},"thumbnailUrl":"https:\/\/www.descente-canoe-ardeche.com\/wp-content\/uploads\/2023\/06\/canoe-malin-miniature.jpg","datePublished":"2022-12-20T11:32:26+00:00","description":"Canoeing, hiking, mountain biking and much more, the Ard\u00e8che can provide you with an exceptional vacation! Discover our tips!","breadcrumb":{"@id":"https:\/\/www.descente-canoe-ardeche.com\/en\/our-tips-for-your-vacation-in-the-ardeche\/#breadcrumb"},"inLanguage":"en-US","potentialAction":[{"@type":"ReadAction","target":["https:\/\/www.descente-canoe-ardeche.com\/en\/our-tips-for-your-vacation-in-the-ardeche\/"]}]},{"@type":"ImageObject","inLanguage":"en-US","@id":"https:\/\/www.descente-canoe-ardeche.com\/en\/our-tips-for-your-vacation-in-the-ardeche\/#primaryimage","url":"https:\/\/www.descente-canoe-ardeche.com\/wp-content\/uploads\/2023\/06\/canoe-malin-miniature.jpg","contentUrl":"https:\/\/www.descente-canoe-ardeche.com\/wp-content\/uploads\/2023\/06\/canoe-malin-miniature.jpg","width":380,"height":380},{"@type":"BreadcrumbList","@id":"https:\/\/www.descente-canoe-ardeche.com\/en\/our-tips-for-your-vacation-in-the-ardeche\/#breadcrumb","itemListElement":[{"@type":"ListItem","position":1,"name":"Accueil","item":"https:\/\/www.descente-canoe-ardeche.com\/en\/"},{"@type":"ListItem","position":2,"name":"Our tips for your vacation in the Ard\u00e8che!"}]},{"@type":"WebSite","@id":"https:\/\/www.descente-canoe-ardeche.com\/en\/#website","url":"https:\/\/www.descente-canoe-ardeche.com\/en\/","name":"Descente Cano\u00eb Ard\u00e8che","description":"DLMP\u00a9","publisher":{"@id":"https:\/\/www.descente-canoe-ardeche.com\/en\/#organization"},"potentialAction":[{"@type":"SearchAction","target":{"@type":"EntryPoint","urlTemplate":"https:\/\/www.descente-canoe-ardeche.com\/en\/?s={search_term_string}"},"query-input":{"@type":"PropertyValueSpecification","valueRequired":true,"valueName":"search_term_string"}}],"inLanguage":"en-US"},{"@type":"Organization","@id":"https:\/\/www.descente-canoe-ardeche.com\/en\/#organization","name":"Descente Cano\u00eb Ard\u00e8che","url":"https:\/\/www.descente-canoe-ardeche.com\/en\/","logo":{"@type":"ImageObject","inLanguage":"en-US","@id":"https:\/\/www.descente-canoe-ardeche.com\/en\/#\/schema\/logo\/image\/","url":"https:\/\/www.descente-canoe-ardeche.com\/wp-content\/uploads\/2023\/03\/cropped-Logo-150x150-1.webp","contentUrl":"https:\/\/www.descente-canoe-ardeche.com\/wp-content\/uploads\/2023\/03\/cropped-Logo-150x150-1.webp","width":150,"height":150,"caption":"Descente Cano\u00eb Ard\u00e8che"},"image":{"@id":"https:\/\/www.descente-canoe-ardeche.com\/en\/#\/schema\/logo\/image\/"}}]}},"jetpack_sharing_enabled":true,"_links":{"self":[{"href":"https:\/\/www.descente-canoe-ardeche.com\/en\/wp-json\/wp\/v2\/pages\/11553","targetHints":{"allow":["GET"]}}],"collection":[{"href":"https:\/\/www.descente-canoe-ardeche.com\/en\/wp-json\/wp\/v2\/pages"}],"about":[{"href":"https:\/\/www.descente-canoe-ardeche.com\/en\/wp-json\/wp\/v2\/types\/page"}],"author":[{"embeddable":true,"href":"https:\/\/www.descente-canoe-ardeche.com\/en\/wp-json\/wp\/v2\/users\/1"}],"replies":[{"embeddable":true,"href":"https:\/\/www.descente-canoe-ardeche.com\/en\/wp-json\/wp\/v2\/comments?post=11553"}],"version-history":[{"count":0,"href":"https:\/\/www.descente-canoe-ardeche.com\/en\/wp-json\/wp\/v2\/pages\/11553\/revisions"}],"wp:featuredmedia":[{"embeddable":true,"href":"https:\/\/www.descente-canoe-ardeche.com\/en\/wp-json\/wp\/v2\/media\/11365"}],"wp:attachment":[{"href":"https:\/\/www.descente-canoe-ardeche.com\/en\/wp-json\/wp\/v2\/media?parent=11553"}],"curies":[{"name":"wp","href":"https:\/\/api.w.org\/{rel}","templated":true}]}}